{"id":235,"date":"2021-03-06T15:00:07","date_gmt":"2021-03-06T15:00:07","guid":{"rendered":"https:\/\/altamiramazunte.com\/?page_id=235"},"modified":"2021-03-06T20:13:53","modified_gmt":"2021-03-06T20:13:53","slug":"revisareserva","status":"publish","type":"page","link":"https:\/\/altamiramazunte.com\/en\/revisareserva\/","title":{"rendered":"Revisa tu reserva"},"content":{"rendered":"<p>Para revisar tu reserva por favor ingresa tu n\u00famero de confirmaci\u00f3n y tu apellido exactamente como viene en tu confirmaci\u00f3n que recibiste en tu correo electr\u00f3nico.<\/p>\n\n\n<p><script async data-form-id=\"5a9a0578bdc30\" data-widget=\"review\" src=\"https:\/\/secured.sirvoy.com\/widget\/sirvoy.js\"><\/script><\/p>","protected":false},"excerpt":{"rendered":"<p>Para revisar tu reserva por favor ingresa tu n\u00famero de confirmaci\u00f3n y tu apellido exactamente como viene en tu confirmaci\u00f3n que recibiste en tu correo electr\u00f3nico.<\/p>","protected":false},"author":1,"featured_media":0,"parent":0,"menu_order":0,"comment_status":"closed","ping_status":"closed","template":"","meta":[],"_links":{"self":[{"href":"https:\/\/altamiramazunte.com\/en\/wp-json\/wp\/v2\/pages\/235"}],"collection":[{"href":"https:\/\/altamiramazunte.com\/en\/wp-json\/wp\/v2\/pages"}],"about":[{"href":"https:\/\/altamiramazunte.com\/en\/wp-json\/wp\/v2\/types\/page"}],"author":[{"embeddable":true,"href":"https:\/\/altamiramazunte.com\/en\/wp-json\/wp\/v2\/users\/1"}],"replies":[{"embeddable":true,"href":"https:\/\/altamiramazunte.com\/en\/wp-json\/wp\/v2\/comments?post=235"}],"version-history":[{"count":5,"href":"https:\/\/altamiramazunte.com\/en\/wp-json\/wp\/v2\/pages\/235\/revisions"}],"predecessor-version":[{"id":248,"href":"https:\/\/altamiramazunte.com\/en\/wp-json\/wp\/v2\/pages\/235\/revisions\/248"}],"wp:attachment":[{"href":"https:\/\/altamiramazunte.com\/en\/wp-json\/wp\/v2\/media?parent=235"}],"curies":[{"name":"wp","href":"https:\/\/api.w.org\/{rel}","templated":true}]}}